{"id":2515,"date":"2023-07-06T18:36:48","date_gmt":"2023-07-06T16:36:48","guid":{"rendered":"https:\/\/myfriendteacher.com\/?page_id=2515"},"modified":"2023-07-06T18:56:53","modified_gmt":"2023-07-06T16:56:53","slug":"comprehension-ecrite","status":"publish","type":"page","link":"https:\/\/myfriendteacher.com\/index.php\/comprehension-ecrite\/","title":{"rendered":"Compr\u00e9hension \u00e9crite"},"content":{"rendered":"\t\t<div data-elementor-type=\"wp-page\" data-elementor-id=\"2515\" class=\"elementor elementor-2515\" data-elementor-settings=\"[]\">\n\t\t\t\t\t\t\t<div class=\"elementor-section-wrap\">\n\t\t\t\t\t\t\t<section class=\"elementor-section elementor-top-section elementor-element elementor-element-ada27af elementor-section-full_width elementor-section-height-min-height elementor-section-height-default elementor-section-items-middle\" data-id=\"ada27af\" data-element_type=\"section\" data-settings=\"{&quot;background_background&quot;:&quot;classic&quot;}\">\n\t\t\t\t\t\t<div class=\"elementor-container elementor-column-gap-default\">\n\t\t\t\t\t<div class=\"elementor-column elementor-col-100 elementor-top-column elementor-element elementor-element-9158506\" data-id=\"9158506\" data-element_type=\"column\">\n\t\t\t<div class=\"elementor-widget-wrap elementor-element-populated\">\n\t\t\t\t\t\t\t\t<div class=\"elementor-element elementor-element-e77316f elementor-widget elementor-widget-heading\" data-id=\"e77316f\" data-element_type=\"widget\" data-widget_type=\"heading.default\">\n\t\t\t\t<div class=\"elementor-widget-container\">\n\t\t\t<h2 class=\"elementor-heading-title elementor-size-default\">Compr\u00e9hension \u00e9crite<\/h2>\t\t<\/div>\n\t\t\t\t<\/div>\n\t\t\t\t\t<\/div>\n\t\t<\/div>\n\t\t\t\t\t\t\t<\/div>\n\t\t<\/section>\n\t\t\t\t<section class=\"elementor-section elementor-top-section elementor-element elementor-element-9831cff elementor-section-boxed elementor-section-height-default elementor-section-height-default\" data-id=\"9831cff\" data-element_type=\"section\" data-settings=\"{&quot;background_background&quot;:&quot;classic&quot;}\">\n\t\t\t\t\t\t<div class=\"elementor-container elementor-column-gap-default\">\n\t\t\t\t\t<div class=\"elementor-column elementor-col-100 elementor-top-column elementor-element elementor-element-d2ecb79\" data-id=\"d2ecb79\" data-element_type=\"column\">\n\t\t\t<div class=\"elementor-widget-wrap elementor-element-populated\">\n\t\t\t\t\t\t\t\t<div class=\"elementor-element elementor-element-74c26b2 elementor-widget elementor-widget-heading\" data-id=\"74c26b2\" data-element_type=\"widget\" data-widget_type=\"heading.default\">\n\t\t\t\t<div class=\"elementor-widget-container\">\n\t\t\t<h4 class=\"elementor-heading-title elementor-size-default\"><a href=\"https:\/\/myfriendteacher.com\/wp-content\/uploads\/2023\/07\/BROCHURE-cours-1.pdf\">St\u00e9r\u00e9otypes sur la Suisse et ses habitants<\/a><\/h4>\t\t<\/div>\n\t\t\t\t<\/div>\n\t\t\t\t<div class=\"elementor-element elementor-element-2e94c8a elementor-widget elementor-widget-heading\" data-id=\"2e94c8a\" data-element_type=\"widget\" data-widget_type=\"heading.default\">\n\t\t\t\t<div class=\"elementor-widget-container\">\n\t\t\t<h4 class=\"elementor-heading-title elementor-size-default\"><a href=\"https:\/\/myfriendteacher.com\/wp-content\/uploads\/2023\/07\/BROCHURE-cours-2.pdf\">Les adjectifs de couleur avec les 26 cantons suisse<\/a><\/h4>\t\t<\/div>\n\t\t\t\t<\/div>\n\t\t\t\t<div class=\"elementor-element elementor-element-f6b6635 elementor-widget elementor-widget-heading\" data-id=\"f6b6635\" data-element_type=\"widget\" data-widget_type=\"heading.default\">\n\t\t\t\t<div class=\"elementor-widget-container\">\n\t\t\t<h4 class=\"elementor-heading-title elementor-size-default\"><a href=\"https:\/\/myfriendteacher.com\/wp-content\/uploads\/2023\/07\/BROCHURE-cours-3.pdf\">Les Suissesses et les Suisses c\u00e9l\u00e8bres<\/a><\/h4>\t\t<\/div>\n\t\t\t\t<\/div>\n\t\t\t\t<div class=\"elementor-element elementor-element-04e435b elementor-widget elementor-widget-heading\" data-id=\"04e435b\" data-element_type=\"widget\" data-widget_type=\"heading.default\">\n\t\t\t\t<div class=\"elementor-widget-container\">\n\t\t\t<h4 class=\"elementor-heading-title elementor-size-default\"><a href=\"https:\/\/myfriendteacher.com\/wp-content\/uploads\/2023\/07\/BROCHURE-parcours-1.pdf\">Promenade historique de l'Escalade<\/a><\/h4>\t\t<\/div>\n\t\t\t\t<\/div>\n\t\t\t\t\t<\/div>\n\t\t<\/div>\n\t\t\t\t\t\t\t<\/div>\n\t\t<\/section>\n\t\t\t\t\t\t<\/div>\n\t\t\t\t\t<\/div>\n\t\t","protected":false},"excerpt":{"rendered":"<p>Compr\u00e9hension \u00e9crite St\u00e9r\u00e9otypes sur la Suisse et ses habitants Les adjectifs de couleur avec les 26 cantons suisse Les Suissesses et les Suisses c\u00e9l\u00e8bres Promenade historique de l&#8217;Escalade<\/p>\n","protected":false},"author":1,"featured_media":0,"parent":0,"menu_order":0,"comment_status":"closed","ping_status":"closed","template":"","meta":{"_monsterinsights_skip_tracking":false,"_monsterinsights_sitenote_active":false,"_monsterinsights_sitenote_note":"","_monsterinsights_sitenote_category":0,"footnotes":""},"class_list":["post-2515","page","type-page","status-publish","hentry"],"_links":{"self":[{"href":"https:\/\/myfriendteacher.com\/index.php\/wp-json\/wp\/v2\/pages\/2515","targetHints":{"allow":["GET"]}}],"collection":[{"href":"https:\/\/myfriendteacher.com\/index.php\/wp-json\/wp\/v2\/pages"}],"about":[{"href":"https:\/\/myfriendteacher.com\/index.php\/wp-json\/wp\/v2\/types\/page"}],"author":[{"embeddable":true,"href":"https:\/\/myfriendteacher.com\/index.php\/wp-json\/wp\/v2\/users\/1"}],"replies":[{"embeddable":true,"href":"https:\/\/myfriendteacher.com\/index.php\/wp-json\/wp\/v2\/comments?post=2515"}],"version-history":[{"count":16,"href":"https:\/\/myfriendteacher.com\/index.php\/wp-json\/wp\/v2\/pages\/2515\/revisions"}],"predecessor-version":[{"id":2538,"href":"https:\/\/myfriendteacher.com\/index.php\/wp-json\/wp\/v2\/pages\/2515\/revisions\/2538"}],"wp:attachment":[{"href":"https:\/\/myfriendteacher.com\/index.php\/wp-json\/wp\/v2\/media?parent=2515"}],"curies":[{"name":"wp","href":"https:\/\/api.w.org\/{rel}","templated":true}]}}